{"id":140,"date":"2025-01-19T13:37:54","date_gmt":"2025-01-19T13:37:54","guid":{"rendered":"https:\/\/meserma.com\/?page_id=140"},"modified":"2025-02-20T18:14:23","modified_gmt":"2025-02-20T18:14:23","slug":"contact","status":"publish","type":"page","link":"https:\/\/meserma.com\/index.php\/contact\/","title":{"rendered":"CONTACT"},"content":{"rendered":"\t\t<div data-elementor-type=\"wp-page\" data-elementor-id=\"140\" class=\"elementor elementor-140\">\n\t\t\t\t<div class=\"elementor-element elementor-element-104eec70 e-flex e-con-boxed e-con e-parent\" data-id=\"104eec70\" data-element_type=\"container\">\n\t\t\t\t\t<div class=\"e-con-inner\">\n\t\t\t\t<div class=\"elementor-element elementor-element-6a6ccd75 elementor-drop-cap-yes elementor-drop-cap-view-default elementor-widget elementor-widget-text-editor\" data-id=\"6a6ccd75\" data-element_type=\"widget\" data-settings=\"{&quot;drop_cap&quot;:&quot;yes&quot;}\" data-widget_type=\"text-editor.default\">\n\t\t\t\t<div class=\"elementor-widget-container\">\n\t\t\t\t\t\t\t\t\t\n<div class=\"wp-block-essential-blocks-wrapper alignfull  root-eb-wrapper-w64ecxv\">\n<div class=\"eb-parent-wrapper eb-parent-eb-wrapper-w64ecxv \">\n<div class=\"eb-wrapper-outer eb-wrapper-w64ecxv\">\n<div class=\"eb-wrapper-inner\">\n<div class=\"eb-wrapper-inner-blocks eb-wrapper-align-center\">\n<div class=\"wp-block-essential-blocks-wrapper alignfull  root-eb-wrapper-wtd0c73\">\n<div class=\"eb-parent-wrapper eb-parent-eb-wrapper-wtd0c73 \">\n<div class=\"eb-wrapper-outer eb-wrapper-wtd0c73\">\n<div class=\"eb-wrapper-inner\">\n<div class=\"eb-wrapper-inner-blocks eb-wrapper-align-center\">\n<div class=\"wp-block-essential-blocks-row alignfull  root-eb-row-lkl97sh\">\n<div class=\"eb-parent-wrapper eb-parent-eb-row-lkl97sh \">\n<div class=\"eb-row-root-container eb-row-lkl97sh\" data-id=\"eb-row-lkl97sh\">\n<div class=\"eb-row-wrapper\">\n<div class=\"eb-row-inner\">\n<div class=\"wp-block-essential-blocks-column  root-eb-column-ny961bt\">\n<div class=\"eb-parent-wrapper eb-parent-eb-column-ny961bt \">\n<div class=\"eb-column-wrapper eb-column-ny961bt\">\n<div class=\"eb-column-inner\">\n<div class=\"wp-block-essential-blocks-wrapper  root-eb-wrapper-u3f83qr\">\n<div class=\"eb-parent-wrapper eb-parent-eb-wrapper-u3f83qr \">\n<div class=\"eb-wrapper-outer eb-wrapper-u3f83qr\">\n<div class=\"eb-wrapper-inner\">\n<div class=\"eb-wrapper-inner-blocks eb-wrapper-align-center\">\n<div class=\"wp-block-essential-blocks-advanced-heading  root-eb-advance-heading-ikfr04i\">\n<div class=\"eb-parent-wrapper eb-parent-eb-advance-heading-ikfr04i eb_animation eb___animated eb___fadeInLeft\">\n<div class=\"eb-advance-heading-wrapper eb-advance-heading-ikfr04i button-1 undefined\" data-id=\"eb-advance-heading-ikfr04i\">\n<h2 class=\"eb-ah-title\"><span class=\"first-title\">FAQ<\/span><\/h2>\n<p class=\"eb-ah-subtitle\">Vous avez des questions ? V\u00e9rifiez si nous y avons d\u00e9j\u00e0 r\u00e9pondu ci dessous.<\/p>\n<\/div>\n<\/div>\n<\/div>\n\n\n\n<div class=\"wp-block-essential-blocks-accordion  root-eb-accordion-1ixxvea\">\n<div class=\"eb-parent-wrapper eb-parent-eb-accordion-1ixxvea eb_animation eb___animated eb___fadeInLeft\">\n<div class=\"eb-accordion-container eb-accordion-1ixxvea\" data-accordion-type=\"accordion\" data-tab-icon=\"fas fa-angle-down\" data-expanded-icon=\"fas fa-angle-up\" data-transition-duration=\"500\">\n<div class=\"eb-accordion-inner\">\n<div class=\"wp-block-essential-blocks-accordion-item eb-accordion-item-t62aw eb-accordion-wrapper\" data-clickable=\"false\">\n<div class=\"eb-accordion-title-wrapper eb-accordion-title-wrapper-eb-accordion-1ixxvea\" tabindex=\"0\">\n<div class=\"eb-accordion-title-content-wrap title-content-eb-accordion-1ixxvea\">\n<h3 class=\"eb-accordion-title\">Combien de temps faut-il pour recevoir un conseil ?<\/h3>\n<\/div>\n<\/div>\n<div class=\"eb-accordion-content-wrapper eb-accordion-content-wrapper-eb-accordion-1ixxvea\">\n<div class=\"eb-accordion-content\">\n<p>Nous fournissons nos services selon le principe du premier arriv\u00e9, premier servi. S&#8217;il vous pla\u00eet soyez patient.<\/p>\n<\/div>\n<\/div>\n<\/div>\n\n\n\n<div class=\"wp-block-essential-blocks-accordion-item eb-accordion-item-dq0le eb-accordion-wrapper\" data-clickable=\"false\">\n<div class=\"eb-accordion-title-wrapper eb-accordion-title-wrapper-eb-accordion-1ixxvea\" tabindex=\"0\">\n<div class=\"eb-accordion-title-content-wrap title-content-eb-accordion-1ixxvea\">\n<h3 class=\"eb-accordion-title\">Quels documents dois-je fournir ?<\/h3>\n<\/div>\n<\/div>\n<div class=\"eb-accordion-content-wrapper eb-accordion-content-wrapper-eb-accordion-1ixxvea\">\n<div class=\"eb-accordion-content\">\n<p>Il faut nous envoyer par E-mail Votre Besoin et nous fournissons les documente ad\u00e9quates .<\/p>\n<\/div>\n<\/div>\n<\/div>\n\n\n\n<div class=\"wp-block-essential-blocks-accordion-item eb-accordion-item-hyn6z eb-accordion-wrapper\" data-clickable=\"false\">\n<div class=\"eb-accordion-title-wrapper eb-accordion-title-wrapper-eb-accordion-1ixxvea\" tabindex=\"0\">\n<div class=\"eb-accordion-title-content-wrap title-content-eb-accordion-1ixxvea\">\n<h3 class=\"eb-accordion-title\">Y a-t-il des termes et conditions?<\/h3>\n<\/div>\n<\/div>\n<div class=\"eb-accordion-content-wrapper eb-accordion-content-wrapper-eb-accordion-1ixxvea\">\n<div class=\"eb-accordion-content\">\n<p>oui on assure la Policy de notre entreprise .<\/p>\n<\/div>\n<\/div>\n<\/div>\n\n\n\n<div class=\"wp-block-essential-blocks-accordion-item eb-accordion-item-dne0k eb-accordion-wrapper\" data-clickable=\"false\">\n<div class=\"eb-accordion-title-wrapper eb-accordion-title-wrapper-eb-accordion-1ixxvea\" tabindex=\"0\">\n<div class=\"eb-accordion-title-content-wrap title-content-eb-accordion-1ixxvea\">\n<h3 class=\"eb-accordion-title\">Quels sont les tarifs d\u2019une consultation \u00e0 l\u2019\u00e9tranger ?<\/h3>\n<\/div>\n<\/div>\n<div class=\"eb-accordion-content-wrapper eb-accordion-content-wrapper-eb-accordion-1ixxvea\">\n<div class=\"eb-accordion-content\">\n<p>selon la destination \u2013types de produits plus d\u2019info par mail .<\/p>\n<\/div>\n<\/div>\n<\/div>\n\n\n\n<div class=\"wp-block-essential-blocks-accordion-item eb-accordion-item-wh6tm eb-accordion-wrapper\" data-clickable=\"false\">\n<div class=\"eb-accordion-title-wrapper eb-accordion-title-wrapper-eb-accordion-1ixxvea\" tabindex=\"0\">\n<div class=\"eb-accordion-title-content-wrap title-content-eb-accordion-1ixxvea\">\n<h3 class=\"eb-accordion-title\">Quels documents dois-je fournir ?<\/h3>\n<\/div>\n<\/div>\n<div class=\"eb-accordion-content-wrapper eb-accordion-content-wrapper-eb-accordion-1ixxvea\">\n<div class=\"eb-accordion-content\">\n<p>Registre du commerce \u2013pr\u00e9sentation de l\u2019entreprise .<\/p>\n<\/div>\n<\/div>\n<\/div>\n<\/div>\n<\/div>\n<\/div>\n<\/div>\n<\/div>\n<\/div>\n<\/div>\n<\/div>\n<\/div>\n<\/div>\n<\/div>\n<\/div>\n<\/div>\n\n\n\n<div class=\"wp-block-essential-blocks-column  root-eb-column-is438jf\">\n<div class=\"eb-parent-wrapper eb-parent-eb-column-is438jf \">\n<div class=\"eb-column-wrapper eb-column-is438jf\">\n<div class=\"eb-column-inner\">\n<div\n\tclass=\"root-eb-fluent-form-j0fgq8p wp-block-essential-blocks-fluent-forms\">\n\t<div class=\"eb-parent-eb-fluent-form-j0fgq8p  eb-parent-wrapper\">\n\t\t<div class=\"eb-fluent-form-j0fgq8p eb-fluent-form-wrapper eb-fluentform-hide-labels\">\n\t\t\t<div class='fluentform ff-default fluentform_wrapper_1 ffs_default_wrap'><form data-form_id=\"1\" id=\"fluentform_1\" class=\"frm-fluent-form fluent_form_1 ff-el-form-top ff_form_instance_1_3 ff-form-loading ffs_default\" data-form_instance=\"ff_form_instance_1_3\" method=\"POST\" ><fieldset  style=\"border: none!important;margin: 0!important;padding: 0!important;background-color: transparent!important;box-shadow: none!important;outline: none!important; min-inline-size: 100%;\">\n                    <legend class=\"ff_screen_reader_title\" style=\"display: block; margin: 0!important;padding: 0!important;height: 0!important;text-indent: -999999px;width: 0!important;overflow:hidden;\">Contact Form Demo<\/legend><input type='hidden' name='__fluent_form_embded_post_id' value='140' \/><input type=\"hidden\" id=\"_fluentform_1_fluentformnonce\" name=\"_fluentform_1_fluentformnonce\" value=\"2c327c2f46\" \/><input type=\"hidden\" name=\"_wp_http_referer\" value=\"\/index.php\/wp-json\/wp\/v2\/pages\/140\" \/><div data-type=\"name-element\" data-name=\"names\" class=\" ff-field_container ff-name-field-wrapper\" ><div class='ff-t-container'><div class='ff-t-cell '><div class='ff-el-group'><div class=\"ff-el-input--label asterisk-right\"><label for='ff_1_3_names_first_name_' >First Name<\/label><\/div><div class='ff-el-input--content'><input type=\"text\" name=\"names[first_name]\" id=\"ff_1_3_names_first_name_\" class=\"ff-el-form-control\" placeholder=\"First Name\" aria-invalid=\"false\" aria-required=false><\/div><\/div><\/div><div class='ff-t-cell '><div class='ff-el-group'><div class=\"ff-el-input--label asterisk-right\"><label for='ff_1_3_names_last_name_' >Last Name<\/label><\/div><div class='ff-el-input--content'><input type=\"text\" name=\"names[last_name]\" id=\"ff_1_3_names_last_name_\" class=\"ff-el-form-control\" placeholder=\"Last Name\" aria-invalid=\"false\" aria-required=false><\/div><\/div><\/div><\/div><\/div><div class='ff-el-group'><div class=\"ff-el-input--label ff-el-is-required asterisk-right\"><label for='ff_1_3_email' aria-label=\"Email\">Email<\/label><\/div><div class='ff-el-input--content'><input type=\"email\" name=\"email\" id=\"ff_1_3_email\" class=\"ff-el-form-control\" placeholder=\"Email Address\" data-name=\"email\"  aria-invalid=\"false\" aria-required=true><\/div><\/div><div class='ff-el-group'><div class=\"ff-el-input--label asterisk-right\"><label for='ff_1_3_subject' aria-label=\"Subject\">Subject<\/label><\/div><div class='ff-el-input--content'><input type=\"text\" name=\"subject\" class=\"ff-el-form-control\" placeholder=\"Subject\" data-name=\"subject\" id=\"ff_1_3_subject\"  aria-invalid=\"false\" aria-required=false><\/div><\/div><div class='ff-el-group'><div class=\"ff-el-input--label ff-el-is-required asterisk-right\"><label for='ff_1_3_message' aria-label=\"Your Message\">Your Message<\/label><\/div><div class='ff-el-input--content'><textarea aria-invalid=\"false\" aria-required=true name=\"message\" id=\"ff_1_3_message\" class=\"ff-el-form-control\" placeholder=\"Your Message\" rows=\"4\" cols=\"2\" data-name=\"message\" ><\/textarea><\/div><\/div><div class='ff-el-group ff-text-left ff_submit_btn_wrapper'><button type=\"submit\" class=\"ff-btn ff-btn-submit ff-btn-md ff_btn_style\" >Submit Form<\/button><\/div><\/fieldset><\/form><div id='fluentform_1_errors' class='ff-errors-in-stack ff_form_instance_1_3 ff-form-loading_errors ff_form_instance_1_3_errors'><\/div><\/div>        <script type=\"text\/javascript\">\n            window.fluent_form_ff_form_instance_1_3 = {\"id\":\"1\",\"settings\":{\"layout\":{\"labelPlacement\":\"top\",\"helpMessagePlacement\":\"with_label\",\"errorMessagePlacement\":\"inline\",\"cssClassName\":\"\",\"asteriskPlacement\":\"asterisk-right\"},\"restrictions\":{\"denyEmptySubmission\":{\"enabled\":false}}},\"form_instance\":\"ff_form_instance_1_3\",\"form_id_selector\":\"fluentform_1\",\"rules\":{\"names[first_name]\":{\"required\":{\"value\":false,\"message\":\"This field is required\"}},\"names[middle_name]\":{\"required\":{\"value\":false,\"message\":\"This field is required\"}},\"names[last_name]\":{\"required\":{\"value\":false,\"message\":\"This field is required\"}},\"email\":{\"required\":{\"value\":true,\"message\":\"This field is required\"},\"email\":{\"value\":true,\"message\":\"This field must contain a valid email\"}},\"subject\":{\"required\":{\"value\":false,\"message\":\"This field is required\"}},\"message\":{\"required\":{\"value\":true,\"message\":\"This field is required\"}}},\"debounce_time\":300};\n                    <\/script>\n        \t\t<\/div>\n\t<\/div>\n<\/div>\n<\/div>\n<\/div>\n<\/div>\n<\/div>\n<\/div>\n<\/div>\n<\/div>\n<\/div>\n<\/div>\n<\/div>\n<\/div>\n<\/div>\n<\/div>\n<\/div>\n<\/div>\n<\/div>\n<\/div>\n<\/div>\n<\/div>\n\n\n\n<div class=\"wp-block-essential-blocks-wrapper alignfull  root-eb-wrapper-hnn4u85\">\n<div class=\"eb-parent-wrapper eb-parent-eb-wrapper-hnn4u85 \">\n<div class=\"eb-wrapper-outer eb-wrapper-hnn4u85\">\n<div class=\"eb-wrapper-inner\">\n<div class=\"eb-wrapper-inner-blocks eb-wrapper-align-center\">\n<div class=\"wp-block-essential-blocks-wrapper alignfull  root-eb-wrapper-xy2cxf8\">\n<div class=\"eb-parent-wrapper eb-parent-eb-wrapper-xy2cxf8 \">\n<div class=\"eb-wrapper-outer eb-wrapper-xy2cxf8\">\n<div class=\"eb-wrapper-inner\">\n<div class=\"eb-wrapper-inner-blocks eb-wrapper-align-center\">\n<div class=\"wp-block-essential-blocks-wrapper  root-eb-wrapper-tu55ibm\">\n<div class=\"eb-parent-wrapper eb-parent-eb-wrapper-tu55ibm \">\n<div class=\"eb-wrapper-outer eb-wrapper-tu55ibm\">\n<div class=\"eb-wrapper-inner\">\n<div class=\"eb-wrapper-inner-blocks eb-wrapper-align-center\">\n<div class=\"wp-block-essential-blocks-advanced-heading  root-eb-advance-heading-omul6ib\">\n<div class=\"eb-parent-wrapper eb-parent-eb-advance-heading-omul6ib \">\u00a0<\/div>\n<\/div>\n\n\n\n<div\n\tclass=\"root-eb-fluent-form-ckewmq8 wp-block-essential-blocks-fluent-forms\">\n\t<div class=\"eb-parent-eb-fluent-form-ckewmq8  eb-parent-wrapper\">\n\t\t<div class=\"eb-fluent-form-ckewmq8 eb-fluent-form-wrapper eb-fluentform-hide-labels eb-fluentform-default-subscription\">\n\t\t\t<div class='fluentform ff-default fluentform_wrapper_2 ffs_default_wrap'><form data-form_id=\"2\" id=\"fluentform_2\" class=\"frm-fluent-form fluent_form_2 ff-el-form-top ff_form_instance_2_4 ff-form-loading ffs_default\" data-form_instance=\"ff_form_instance_2_4\" method=\"POST\" ><fieldset  style=\"border: none!important;margin: 0!important;padding: 0!important;background-color: transparent!important;box-shadow: none!important;outline: none!important; min-inline-size: 100%;\">\n                    <legend class=\"ff_screen_reader_title\" style=\"display: block; margin: 0!important;padding: 0!important;height: 0!important;text-indent: -999999px;width: 0!important;overflow:hidden;\">Subscription Form<\/legend><input type='hidden' name='__fluent_form_embded_post_id' value='140' \/><input type=\"hidden\" id=\"_fluentform_2_fluentformnonce\" name=\"_fluentform_2_fluentformnonce\" value=\"2c327c2f46\" \/><input type=\"hidden\" name=\"_wp_http_referer\" value=\"\/index.php\/wp-json\/wp\/v2\/pages\/140\" \/><div data-name=\"ff_cn_id_1\"  class='ff-t-container ff-column-container ff_columns_total_2  '><div class='ff-t-cell ff-t-column-1' style='flex-basis: 50%;'><div class='ff-el-group'><div class='ff-el-input--content'><input type=\"email\" name=\"email\" id=\"ff_2_4_email\" class=\"ff-el-form-control\" placeholder=\"Your Email Address\" data-name=\"email\"  aria-invalid=\"false\" aria-required=true><\/div><\/div><\/div><div class='ff-t-cell ff-t-column-2' style='flex-basis: 50%;'><div class='ff-el-group ff-text-left ff_submit_btn_wrapper ff_submit_btn_wrapper_custom'><button class=\"ff-btn ff-btn-submit ff-btn-md ff_btn_style wpf_has_custom_css\" type=\"submit\" name=\"custom_submit_button-2_1\" data-name=\"custom_submit_button-2_1\" >Subscribe<\/button><style>form.fluent_form_2 .wpf_has_custom_css.ff-btn-submit { background-color:#1a7efb;border-color:#1a7efb;color:#ffffff;min-width:100%; }form.fluent_form_2 .wpf_has_custom_css.ff-btn-submit:hover { background-color:#ffffff;border-color:#1a7efb;color:#1a7efb;min-width:100%; } <\/style><\/div><\/div><\/div><\/fieldset><\/form><div id='fluentform_2_errors' class='ff-errors-in-stack ff_form_instance_2_4 ff-form-loading_errors ff_form_instance_2_4_errors'><\/div><\/div>        <script type=\"text\/javascript\">\n            window.fluent_form_ff_form_instance_2_4 = {\"id\":\"2\",\"settings\":{\"layout\":{\"labelPlacement\":\"top\",\"helpMessagePlacement\":\"with_label\",\"errorMessagePlacement\":\"inline\",\"asteriskPlacement\":\"asterisk-right\"},\"restrictions\":{\"denyEmptySubmission\":{\"enabled\":false}}},\"form_instance\":\"ff_form_instance_2_4\",\"form_id_selector\":\"fluentform_2\",\"rules\":{\"email\":{\"required\":{\"value\":true,\"message\":\"This field is required\"},\"email\":{\"value\":true,\"message\":\"This field must contain a valid email\"}}},\"debounce_time\":300};\n                    <\/script>\n        \t\t<\/div>\n\t<\/div>\n<\/div>\n<\/div>\n<\/div>\n<\/div>\n<\/div>\n<\/div>\n<\/div>\n<\/div>\n<\/div>\n<\/div>\n<\/div>\n<\/div>\n<\/div>\n<\/div>\n<\/div>\n<\/div>\n\t\t\t\t\t\t\t\t<\/div>\n\t\t\t\t<\/div>\n\t\t\t\t\t<\/div>\n\t\t\t\t<\/div>\n\t\t\t\t<\/div>\n\t\t","protected":false},"excerpt":{"rendered":"","protected":false},"author":1,"featured_media":0,"parent":0,"menu_order":0,"comment_status":"closed","ping_status":"closed","template":"templately_header_footer","meta":{"_eb_attr":"","footnotes":""},"class_list":["post-140","page","type-page","status-publish","hentry"],"_links":{"self":[{"href":"https:\/\/meserma.com\/index.php\/wp-json\/wp\/v2\/pages\/140","targetHints":{"allow":["GET"]}}],"collection":[{"href":"https:\/\/meserma.com\/index.php\/wp-json\/wp\/v2\/pages"}],"about":[{"href":"https:\/\/meserma.com\/index.php\/wp-json\/wp\/v2\/types\/page"}],"author":[{"embeddable":true,"href":"https:\/\/meserma.com\/index.php\/wp-json\/wp\/v2\/users\/1"}],"replies":[{"embeddable":true,"href":"https:\/\/meserma.com\/index.php\/wp-json\/wp\/v2\/comments?post=140"}],"version-history":[{"count":125,"href":"https:\/\/meserma.com\/index.php\/wp-json\/wp\/v2\/pages\/140\/revisions"}],"predecessor-version":[{"id":1038,"href":"https:\/\/meserma.com\/index.php\/wp-json\/wp\/v2\/pages\/140\/revisions\/1038"}],"wp:attachment":[{"href":"https:\/\/meserma.com\/index.php\/wp-json\/wp\/v2\/media?parent=140"}],"curies":[{"name":"wp","href":"https:\/\/api.w.org\/{rel}","templated":true}]}}